{"id":971,"date":"2021-05-27T11:27:35","date_gmt":"2021-05-27T11:27:35","guid":{"rendered":"https:\/\/cfaecan.pt\/?page_id=971"},"modified":"2021-05-28T11:01:53","modified_gmt":"2021-05-28T11:01:53","slug":"bolsa-de-formadores","status":"publish","type":"page","link":"https:\/\/cfaecan.pt\/en\/bolsa-de-formadores\/","title":{"rendered":"Bolsa de Formadores"},"content":{"rendered":"<p class=\"has-medium-font-size\">A&nbsp;<strong>Bolsa de Formadores<\/strong>&nbsp;do CFAECAN \u00e9 constitu\u00edda por formadores internos e externos, sendo os primeiros os docentes e t\u00e9cnicos superiores que exercem fun\u00e7\u00f5es\/ pertencentes&nbsp;&nbsp; \u00e0s escolas associadas do CFAE, acreditados como formadores no Conselho cientifico-pedag\u00f3gico da forma\u00e7\u00e3o cont\u00ednua (CPFC) e registados nesta plataforma.<\/p>\n\n\n\n<p class=\"has-medium-font-size\"><strong>A Bolsa de Formadores Interno (BFI<\/strong>)\u00e9 regulado pelo estipulado no artigo 25\u00ba do&nbsp;<strong><em><a href=\"https:\/\/cfaecan.pt\/wp-content\/uploads\/2021\/04\/REGULAMENTO-INTERNO-CFAECAN.pdf\">Regulamento Interno<\/a><\/em><\/strong>&nbsp;do CFAE .<\/p>\n\n\n\n<p class=\"has-medium-font-size\"><strong>Os Formadores Externos<\/strong> s\u00e3o todos os que colaboram com o CFAE, acreditados pelo CCPFC, mas que n\u00e3o integram os quadros dos AE\/ENA Associadas.<\/p>","protected":false},"excerpt":{"rendered":"<p>A&nbsp;Bolsa de Formadores&nbsp;do CFAECAN \u00e9 constitu\u00edda por formadores internos e externos, sendo os primeiros os docentes e t\u00e9cnicos superiores que exercem fun\u00e7\u00f5es\/ pertencentes&nbsp;&nbsp; \u00e0s escolas associadas do CFAE, acreditados como formadores no Conselho cientifico-pedag\u00f3gico da forma\u00e7\u00e3o cont\u00ednua (CPFC) e registados nesta plataforma. A Bolsa de Formadores Interno (BFI)\u00e9 regulado pelo estipulado no artigo 25\u00ba do&nbsp;Regulamento&hellip;<\/p>","protected":false},"author":1,"featured_media":0,"parent":0,"menu_order":0,"comment_status":"closed","ping_status":"closed","template":"","meta":{"footnotes":""},"class_list":["post-971","page","type-page","status-publish","hentry"],"_links":{"self":[{"href":"https:\/\/cfaecan.pt\/en\/wp-json\/wp\/v2\/pages\/971","targetHints":{"allow":["GET"]}}],"collection":[{"href":"https:\/\/cfaecan.pt\/en\/wp-json\/wp\/v2\/pages"}],"about":[{"href":"https:\/\/cfaecan.pt\/en\/wp-json\/wp\/v2\/types\/page"}],"author":[{"embeddable":true,"href":"https:\/\/cfaecan.pt\/en\/wp-json\/wp\/v2\/users\/1"}],"replies":[{"embeddable":true,"href":"https:\/\/cfaecan.pt\/en\/wp-json\/wp\/v2\/comments?post=971"}],"version-history":[{"count":4,"href":"https:\/\/cfaecan.pt\/en\/wp-json\/wp\/v2\/pages\/971\/revisions"}],"predecessor-version":[{"id":1023,"href":"https:\/\/cfaecan.pt\/en\/wp-json\/wp\/v2\/pages\/971\/revisions\/1023"}],"wp:attachment":[{"href":"https:\/\/cfaecan.pt\/en\/wp-json\/wp\/v2\/media?parent=971"}],"curies":[{"name":"wp","href":"https:\/\/api.w.org\/{rel}","templated":true}]}}