{"id":724,"date":"2021-05-18T13:42:55","date_gmt":"2021-05-18T13:42:55","guid":{"rendered":"https:\/\/cfaecan.pt\/?page_id=724"},"modified":"2021-05-18T15:54:52","modified_gmt":"2021-05-18T15:54:52","slug":"benedita-2","status":"publish","type":"page","link":"https:\/\/cfaecan.pt\/en\/benedita-2\/","title":{"rendered":"Benedita"},"content":{"rendered":"<div class=\"wp-block-media-text alignwide is-stacked-on-mobile\"><figure class=\"wp-block-media-text__media\"><img loading=\"lazy\" decoding=\"async\" width=\"351\" height=\"320\" src=\"https:\/\/cfaecan.pt\/wp-content\/uploads\/2021\/04\/agrupamento-escolas-benedita.jpg\" alt=\"\" class=\"wp-image-678 size-full\" srcset=\"https:\/\/cfaecan.pt\/wp-content\/uploads\/2021\/04\/agrupamento-escolas-benedita.jpg 351w, https:\/\/cfaecan.pt\/wp-content\/uploads\/2021\/04\/agrupamento-escolas-benedita-13x12.jpg 13w\" sizes=\"auto, (max-width: 351px) 100vw, 351px\" \/><\/figure><div class=\"wp-block-media-text__content\">\n<p class=\"has-large-font-size\">Agrupamento Escolas da Benedita<\/p>\n\n\n\n<p>Endere\u00e7o: Rua Frei Ant\u00f3nio Brand\u00e3o, 2476-901 Benedita<\/p>\n\n\n\n<p>Telefone: (+351) 262925010 , 967783877<\/p>\n\n\n\n<p><a href=\"http:\/\/www.aebenedita.pt\">www.aebenedita.pt<\/a><\/p>\n<\/div><\/div>\n\n\n\n<div class=\"wp-block-media-text alignwide is-stacked-on-mobile\"><figure class=\"wp-block-media-text__media\"><img loading=\"lazy\" decoding=\"async\" width=\"222\" height=\"105\" src=\"https:\/\/cfaecan.pt\/wp-content\/uploads\/2021\/04\/externato-benedita.jpg\" alt=\"\" class=\"wp-image-674 size-full\" srcset=\"https:\/\/cfaecan.pt\/wp-content\/uploads\/2021\/04\/externato-benedita.jpg 222w, https:\/\/cfaecan.pt\/wp-content\/uploads\/2021\/04\/externato-benedita-16x8.jpg 16w\" sizes=\"auto, (max-width: 222px) 100vw, 222px\" \/><\/figure><div class=\"wp-block-media-text__content\">\n<p class=\"has-large-font-size\">Externato Cooperativo da Benedita<\/p>\n\n\n\n<p>Endere\u00e7o: Rua do Externato Cooperativo, Apartado 197 2476-901 Benedita<\/p>\n\n\n\n<p>Telefone: (+351) 262925180<\/p>\n\n\n\n<p><a href=\"http:\/\/ecb.inse.pt\">http:\/\/ecb.inse.pt<\/a><\/p>\n<\/div><\/div>","protected":false},"excerpt":{"rendered":"<p>Agrupamento Escolas da Benedita Endere\u00e7o: Rua Frei Ant\u00f3nio Brand\u00e3o, 2476-901 Benedita Telefone: (+351) 262925010 , 967783877 www.aebenedita.pt Externato Cooperativo da Benedita Endere\u00e7o: Rua do Externato Cooperativo, Apartado 197 2476-901 Benedita Telefone: (+351) 262925180 http:\/\/ecb.inse.pt<\/p>","protected":false},"author":1,"featured_media":713,"parent":0,"menu_order":0,"comment_status":"closed","ping_status":"closed","template":"","meta":{"footnotes":""},"class_list":["post-724","page","type-page","status-publish","has-post-thumbnail","hentry"],"_links":{"self":[{"href":"https:\/\/cfaecan.pt\/en\/wp-json\/wp\/v2\/pages\/724","targetHints":{"allow":["GET"]}}],"collection":[{"href":"https:\/\/cfaecan.pt\/en\/wp-json\/wp\/v2\/pages"}],"about":[{"href":"https:\/\/cfaecan.pt\/en\/wp-json\/wp\/v2\/types\/page"}],"author":[{"embeddable":true,"href":"https:\/\/cfaecan.pt\/en\/wp-json\/wp\/v2\/users\/1"}],"replies":[{"embeddable":true,"href":"https:\/\/cfaecan.pt\/en\/wp-json\/wp\/v2\/comments?post=724"}],"version-history":[{"count":2,"href":"https:\/\/cfaecan.pt\/en\/wp-json\/wp\/v2\/pages\/724\/revisions"}],"predecessor-version":[{"id":736,"href":"https:\/\/cfaecan.pt\/en\/wp-json\/wp\/v2\/pages\/724\/revisions\/736"}],"wp:featuredmedia":[{"embeddable":true,"href":"https:\/\/cfaecan.pt\/en\/wp-json\/wp\/v2\/media\/713"}],"wp:attachment":[{"href":"https:\/\/cfaecan.pt\/en\/wp-json\/wp\/v2\/media?parent=724"}],"curies":[{"name":"wp","href":"https:\/\/api.w.org\/{rel}","templated":true}]}}