{"id":178,"date":"2016-10-17T13:27:48","date_gmt":"2016-10-17T13:27:48","guid":{"rendered":"http:\/\/www.demo.acmethemes.com\/education-base\/?page_id=17"},"modified":"2021-07-29T15:32:17","modified_gmt":"2021-07-29T15:32:17","slug":"cfaecan","status":"publish","type":"page","link":"https:\/\/cfaecan.pt\/en\/","title":{"rendered":"Centro"},"content":{"rendered":"<p class=\"has-drop-cap\">A miss\u00e3o do Centro de Forma\u00e7\u00e3o da Associa\u00e7\u00e3o de Escolas do Concelho de Alcoba\u00e7a e Nazar\u00e9 \u00e9 contribuir para acrescentar valor a todos os profissionais de ensino, no desenvolvimento de suas compet\u00eancias profissionais, em termos pessoais e coletivos (nos dom\u00ednios pedag\u00f3gico, cient\u00edfico, organizacional e relacional), de forma a garantir uma consecu\u00e7\u00e3o de qualidade dos objetivos fixados nos Projetos Educativos das Escolas\/Agrupamentos associados, possibilitando uma melhoria do servi\u00e7o educativo e uma maior efic\u00e1cia nos processos lideran\u00e7a, gest\u00e3o e organiza\u00e7\u00e3o das escolas. Assim, atrav\u00e9s de uma colabora\u00e7\u00e3o ativa com os \u00f3rg\u00e3os de gest\u00e3o escolar das escolas associadas, visa-se desenvolver e consolidar estrat\u00e9gias e a\u00e7\u00f5es que possibilitem a defini\u00e7\u00e3o de iniciativas formativas eficazes e que, em \u00faltima inst\u00e2ncia, permitam incrementar melhorias no ensino e nas aprendizagens. Por fim, pretende-se ainda promover e incentivar a intera\u00e7\u00e3o e o trabalho colaborativo entre institui\u00e7\u00f5es com interven\u00e7\u00e3o no setor educativo no plano local, nacional ou internacional.<\/p>","protected":false},"excerpt":{"rendered":"<p>It is a long established fact that a reader will be distracted by the readable content of a page when looking at its layout, English versions from the 1914 translation by H. Rackham.<\/p>","protected":false},"author":1,"featured_media":878,"parent":0,"menu_order":0,"comment_status":"closed","ping_status":"closed","template":"","meta":{"footnotes":""},"class_list":["post-178","page","type-page","status-publish","has-post-thumbnail","hentry"],"_links":{"self":[{"href":"https:\/\/cfaecan.pt\/en\/wp-json\/wp\/v2\/pages\/178","targetHints":{"allow":["GET"]}}],"collection":[{"href":"https:\/\/cfaecan.pt\/en\/wp-json\/wp\/v2\/pages"}],"about":[{"href":"https:\/\/cfaecan.pt\/en\/wp-json\/wp\/v2\/types\/page"}],"author":[{"embeddable":true,"href":"https:\/\/cfaecan.pt\/en\/wp-json\/wp\/v2\/users\/1"}],"replies":[{"embeddable":true,"href":"https:\/\/cfaecan.pt\/en\/wp-json\/wp\/v2\/comments?post=178"}],"version-history":[{"count":8,"href":"https:\/\/cfaecan.pt\/en\/wp-json\/wp\/v2\/pages\/178\/revisions"}],"predecessor-version":[{"id":1270,"href":"https:\/\/cfaecan.pt\/en\/wp-json\/wp\/v2\/pages\/178\/revisions\/1270"}],"wp:featuredmedia":[{"embeddable":true,"href":"https:\/\/cfaecan.pt\/en\/wp-json\/wp\/v2\/media\/878"}],"wp:attachment":[{"href":"https:\/\/cfaecan.pt\/en\/wp-json\/wp\/v2\/media?parent=178"}],"curies":[{"name":"wp","href":"https:\/\/api.w.org\/{rel}","templated":true}]}}