{"id":138,"date":"2016-10-17T14:42:57","date_gmt":"2016-10-17T14:42:57","guid":{"rendered":"http:\/\/www.demo.acmethemes.com\/education-base\/?page_id=61"},"modified":"2021-09-15T20:44:10","modified_gmt":"2021-09-15T20:44:10","slug":"horario-de-funcionamento-2","status":"publish","type":"page","link":"https:\/\/cfaecan.pt\/en\/horario-de-funcionamento-2\/","title":{"rendered":"Hor\u00e1rio de Atendimento"},"content":{"rendered":"<div class=\"wp-block-columns is-layout-flex wp-container-core-columns-is-layout-9d6595d7 wp-block-columns-is-layout-flex\">\n<div class=\"wp-block-column is-layout-flow wp-block-column-is-layout-flow\" style=\"flex-basis:100%\">\n<div class=\"wp-block-group\"><div class=\"wp-block-group__inner-container is-layout-flow wp-block-group-is-layout-flow\">\n<p>No contexto atual de medidas extraordin\u00e1rias para resposta \u00e0 situa\u00e7\u00e3o da doen\u00e7a COVID-19 (causada pelo novo coronav\u00edrus), \u00e9 recomendado que os Docentes utilizem os servi\u00e7os p\u00fablicos dispon\u00edveis online.<\/p>\n<p>O atendimento presencial nas instala\u00e7\u00f5es do CFAE,<strong> s\u00f3 \u00e9 feito com agendamento pr\u00e9vio via telefone ou email. O uso de m\u00e1scara ou viseira \u00e9 obrigat\u00f3rio.<\/strong><\/p>\n<p><\/p>\n\n\n\n<div id=\"section-g310adb\" class=\"wp-block-gutentor-e6 section-g310adb gutentor-element gutentor-element-image\"><div class=\"gutentor-element-image-box\"><div class=\"gutentor-image-thumb\"><img decoding=\"async\" class=\"normal-image\" src=\"https:\/\/cfaecan.pt\/wp-content\/uploads\/2021\/01\/horario.png\" alt=\"H\u00f3r\u00e1rio de Funcionamento do CFAECAN\"\/><\/div><\/div><\/div>\n<\/div><\/div>\n<\/div>\n<\/div>","protected":false},"excerpt":{"rendered":"<p>More than 35 departments, with experienced faculty and modern facilities to help you excel. Get admission on our university today and enhance your knowledge with your best faculty. Every department team will monitor individual students with proper guidance. Learn from Us !!<\/p>","protected":false},"author":1,"featured_media":0,"parent":0,"menu_order":0,"comment_status":"closed","ping_status":"closed","template":"","meta":{"footnotes":""},"class_list":["post-138","page","type-page","status-publish","hentry"],"_links":{"self":[{"href":"https:\/\/cfaecan.pt\/en\/wp-json\/wp\/v2\/pages\/138","targetHints":{"allow":["GET"]}}],"collection":[{"href":"https:\/\/cfaecan.pt\/en\/wp-json\/wp\/v2\/pages"}],"about":[{"href":"https:\/\/cfaecan.pt\/en\/wp-json\/wp\/v2\/types\/page"}],"author":[{"embeddable":true,"href":"https:\/\/cfaecan.pt\/en\/wp-json\/wp\/v2\/users\/1"}],"replies":[{"embeddable":true,"href":"https:\/\/cfaecan.pt\/en\/wp-json\/wp\/v2\/comments?post=138"}],"version-history":[{"count":9,"href":"https:\/\/cfaecan.pt\/en\/wp-json\/wp\/v2\/pages\/138\/revisions"}],"predecessor-version":[{"id":1242,"href":"https:\/\/cfaecan.pt\/en\/wp-json\/wp\/v2\/pages\/138\/revisions\/1242"}],"wp:attachment":[{"href":"https:\/\/cfaecan.pt\/en\/wp-json\/wp\/v2\/media?parent=138"}],"curies":[{"name":"wp","href":"https:\/\/api.w.org\/{rel}","templated":true}]}}