{"id":126,"date":"2016-10-17T16:59:46","date_gmt":"2016-10-17T16:59:46","guid":{"rendered":"http:\/\/www.demo.acmethemes.com\/education-base\/checkout\/"},"modified":"2026-03-06T13:03:33","modified_gmt":"2026-03-06T13:03:33","slug":"aedd","status":"publish","type":"page","link":"https:\/\/cfaecan.pt\/en\/aedd\/","title":{"rendered":"AEDD"},"content":{"rendered":"<p class=\"has-small-font-size\">A Avalia\u00e7\u00e3o Externa do Desempenho Docente da dimens\u00e3o cient\u00edfica e pedag\u00f3gica,&nbsp;desde a submiss\u00e3o&nbsp;do Requerimento para solicitar a Observa\u00e7\u00e3o de Aulas, desenvolve-se atrav\u00e9s da<a href=\"https:\/\/cfaecan.cfae.pt\/\" target=\"_blank\" rel=\"noreferrer noopener\"><mark style=\"background-color:rgba(0, 0, 0, 0)\" class=\"has-inline-color has-vivid-cyan-blue-color\">&nbsp;Plataforma do&nbsp;CFAECAN<\/mark><\/a><mark style=\"background-color:rgba(0, 0, 0, 0)\" class=\"has-inline-color has-vivid-cyan-blue-color\">.&nbsp;<\/mark><\/p>\n\n\n\n<p class=\"has-small-font-size\">Para o ano 2025\/2026, poder\u00e1 consultar a calendariza\u00e7\u00e3o, a documenta\u00e7\u00e3o e Legisla\u00e7\u00e3o dispon\u00edveis em <a href=\"https:\/\/cfaecan.cfae.pt\/documentos\/\" data-type=\"link\" data-id=\"https:\/\/cfaecan.cfae.pt\/documentos\/\">https:\/\/cfaecan.cfae.pt\/documentos\/<\/a><\/p>\n\n\n\n<p class=\"has-small-font-size\"><strong>Para mais informa\u00e7\u00f5es, consultar o <a href=\"https:\/\/drive.google.com\/file\/d\/1yFKQym9afJFuUegYkxo9n4XnNcLbNvt8\/view?usp=drive_link\" target=\"_blank\" rel=\"noreferrer noopener\"><mark style=\"background-color:rgba(0, 0, 0, 0)\" class=\"has-inline-color has-vivid-cyan-blue-color\">Manual de apoio a avaliados e avaliadores<\/mark><\/a>.<\/strong><\/p>\n\n\n\n<figure class=\"wp-block-image size-full is-resized\"><img loading=\"lazy\" decoding=\"async\" width=\"724\" height=\"366\" src=\"https:\/\/cfaecan.pt\/wp-content\/uploads\/2025\/09\/man_apoio.jpg\" alt=\"\" class=\"wp-image-1890\" style=\"width:600px\" srcset=\"https:\/\/cfaecan.pt\/wp-content\/uploads\/2025\/09\/man_apoio.jpg 724w, https:\/\/cfaecan.pt\/wp-content\/uploads\/2025\/09\/man_apoio-18x9.jpg 18w\" sizes=\"auto, (max-width: 724px) 100vw, 724px\" \/><\/figure>\n\n\n\n<p><\/p>","protected":false},"excerpt":{"rendered":"<p>A Avalia\u00e7\u00e3o Externa do Desempenho Docente da dimens\u00e3o cient\u00edfica e pedag\u00f3gica,&nbsp;desde a submiss\u00e3o&nbsp;do Requerimento para solicitar a Observa\u00e7\u00e3o de Aulas, desenvolve-se atrav\u00e9s da&nbsp;Plataforma do&nbsp;CFAECAN.&nbsp; Para o ano 2025\/2026, poder\u00e1 consultar a calendariza\u00e7\u00e3o, a documenta\u00e7\u00e3o e Legisla\u00e7\u00e3o dispon\u00edveis em https:\/\/cfaecan.cfae.pt\/documentos\/ Para mais informa\u00e7\u00f5es, consultar o Manual de apoio a avaliados e avaliadores.<\/p>","protected":false},"author":1,"featured_media":0,"parent":0,"menu_order":0,"comment_status":"closed","ping_status":"closed","template":"","meta":{"footnotes":""},"class_list":["post-126","page","type-page","status-publish","hentry"],"_links":{"self":[{"href":"https:\/\/cfaecan.pt\/en\/wp-json\/wp\/v2\/pages\/126","targetHints":{"allow":["GET"]}}],"collection":[{"href":"https:\/\/cfaecan.pt\/en\/wp-json\/wp\/v2\/pages"}],"about":[{"href":"https:\/\/cfaecan.pt\/en\/wp-json\/wp\/v2\/types\/page"}],"author":[{"embeddable":true,"href":"https:\/\/cfaecan.pt\/en\/wp-json\/wp\/v2\/users\/1"}],"replies":[{"embeddable":true,"href":"https:\/\/cfaecan.pt\/en\/wp-json\/wp\/v2\/comments?post=126"}],"version-history":[{"count":33,"href":"https:\/\/cfaecan.pt\/en\/wp-json\/wp\/v2\/pages\/126\/revisions"}],"predecessor-version":[{"id":2080,"href":"https:\/\/cfaecan.pt\/en\/wp-json\/wp\/v2\/pages\/126\/revisions\/2080"}],"wp:attachment":[{"href":"https:\/\/cfaecan.pt\/en\/wp-json\/wp\/v2\/media?parent=126"}],"curies":[{"name":"wp","href":"https:\/\/api.w.org\/{rel}","templated":true}]}}